{"id":645,"date":"2016-11-25T12:46:31","date_gmt":"2016-11-25T12:46:31","guid":{"rendered":"http:\/\/meandevents.com\/?page_id=645"},"modified":"2018-04-02T11:15:16","modified_gmt":"2018-04-02T11:15:16","slug":"onepager_meperformance","status":"publish","type":"page","link":"https:\/\/meandevents.com\/?page_id=645","title":{"rendered":"me&#038;performance"},"content":{"rendered":"<p>[et_pb_section bb_built=&#8220;1&#8243; fullwidth=&#8220;on&#8220; specialty=&#8220;off&#8220; transparent_background=&#8220;off&#8220; parallax_method=&#8220;off&#8220; padding_mobile=&#8220;off&#8220; background_color=&#8220;rgba(221,221,221,0)&#8220; _builder_version=&#8220;3.0.83&#8243; next_background_color=&#8220;#000000&#8243;][et_pb_fullwidth_header background_layout=&#8220;light&#8220; text_orientation=&#8220;left&#8220; header_fullscreen=&#8220;off&#8220; header_scroll_down=&#8220;off&#8220; content_orientation=&#8220;center&#8220; image_orientation=&#8220;center&#8220; custom_button_one=&#8220;off&#8220; button_one_icon_placement=&#8220;right&#8220; custom_button_two=&#8220;off&#8220; button_two_icon_placement=&#8220;right&#8220; disabled=&#8220;off&#8220; _builder_version=&#8220;3.0.83&#8243; max_width_tablet=&#8220;50px&#8220; \/][et_pb_fullwidth_header background_layout=&#8220;light&#8220; text_orientation=&#8220;left&#8220; header_fullscreen=&#8220;off&#8220; header_scroll_down=&#8220;off&#8220; content_orientation=&#8220;center&#8220; image_orientation=&#8220;center&#8220; custom_button_one=&#8220;off&#8220; button_one_icon_placement=&#8220;right&#8220; custom_button_two=&#8220;off&#8220; button_two_icon_placement=&#8220;right&#8220; disabled=&#8220;off&#8220; _builder_version=&#8220;3.0.83&#8243; max_width_tablet=&#8220;50px&#8220; \/][et_pb_fullwidth_header title=&#8220;me&amp;events | meike breddermann &#8220; subhead=&#8220;projektmanagement &amp; szenografie &amp; beratung&#8220; background_layout=&#8220;light&#8220; text_orientation=&#8220;center&#8220; header_fullscreen=&#8220;off&#8220; header_scroll_down=&#8220;off&#8220; scroll_down_icon_size=&#8220;30px&#8220; title_font_color=&#8220;#ea627d&#8220; content_font_color=&#8220;#ea4d6c&#8220; background_color=&#8220;#595959&#8243; content_orientation=&#8220;center&#8220; image_orientation=&#8220;center&#8220; title_font_size=&#8220;15px&#8220; custom_button_one=&#8220;off&#8220; button_one_icon_placement=&#8220;right&#8220; custom_button_two=&#8220;off&#8220; button_two_icon_placement=&#8220;right&#8220; disabled=&#8220;off&#8220; _builder_version=&#8220;3.0.83&#8243; max_width_tablet=&#8220;50px&#8220; title_text_color=&#8220;#ea627d&#8220; content_text_color=&#8220;#ea4d6c&#8220; \/][et_pb_fullwidth_menu menu_id=&#8220;21&#8243; background_color=&#8220;#595959&#8243; background_layout=&#8220;dark&#8220; text_orientation=&#8220;center&#8220; submenu_direction=&#8220;downwards&#8220; fullwidth_menu=&#8220;off&#8220; active_link_color=&#8220;#ea627d&#8220; dropdown_menu_bg_color=&#8220;#595959&#8243; dropdown_menu_line_color=&#8220;#ea627d&#8220; mobile_menu_bg_color=&#8220;#595959&#8243; module_id=&#8220;oben&#8220; menu_text_color=&#8220;#ea627d&#8220; disabled=&#8220;off&#8220; _builder_version=&#8220;3.0.83&#8243; \/][\/et_pb_section][et_pb_section bb_built=&#8220;1&#8243; transparent_background=&#8220;off&#8220; background_color=&#8220;rgba(221,221,221,0)&#8220; allow_player_pause=&#8220;off&#8220; inner_shadow=&#8220;off&#8220; parallax=&#8220;off&#8220; parallax_method=&#8220;off&#8220; padding_mobile=&#8220;off&#8220; make_fullwidth=&#8220;off&#8220; use_custom_width=&#8220;off&#8220; width_unit=&#8220;on&#8220; custom_width_px=&#8220;1080px&#8220; custom_width_percent=&#8220;80%&#8220; make_equal=&#8220;off&#8220; use_custom_gutter=&#8220;off&#8220; fullwidth=&#8220;on&#8220; specialty=&#8220;off&#8220; disabled=&#8220;off&#8220; custom_padding_tablet=&#8220;50px|0|50px|0&#8243; custom_padding_last_edited=&#8220;on|desktop&#8220; prev_background_color=&#8220;#000000&#8243; next_background_color=&#8220;#000000&#8243;][et_pb_fullwidth_header background_layout=&#8220;light&#8220; text_orientation=&#8220;left&#8220; header_fullscreen=&#8220;off&#8220; header_scroll_down=&#8220;off&#8220; content_orientation=&#8220;center&#8220; image_orientation=&#8220;center&#8220; custom_button_one=&#8220;off&#8220; button_one_icon_placement=&#8220;right&#8220; custom_button_two=&#8220;off&#8220; button_two_icon_placement=&#8220;right&#8220; disabled=&#8220;off&#8220; _builder_version=&#8220;3.0.106&#8243; max_width_tablet=&#8220;50px&#8220; \/][\/et_pb_section][et_pb_section bb_built=&#8220;1&#8243; transparent_background=&#8220;off&#8220; background_color=&#8220;rgba(221,221,221,0)&#8220; allow_player_pause=&#8220;off&#8220; inner_shadow=&#8220;off&#8220; parallax=&#8220;off&#8220; parallax_method=&#8220;off&#8220; padding_mobile=&#8220;off&#8220; make_fullwidth=&#8220;off&#8220; use_custom_width=&#8220;off&#8220; width_unit=&#8220;on&#8220; custom_width_px=&#8220;1080px&#8220; custom_width_percent=&#8220;80%&#8220; make_equal=&#8220;off&#8220; use_custom_gutter=&#8220;off&#8220; fullwidth=&#8220;on&#8220; specialty=&#8220;off&#8220; disabled=&#8220;off&#8220; custom_padding_tablet=&#8220;50px|0|50px|0&#8243; custom_padding_last_edited=&#8220;on|desktop&#8220; prev_background_color=&#8220;#000000&#8243; next_background_color=&#8220;rgba(221,221,221,0.96)&#8220;][et_pb_fullwidth_header background_layout=&#8220;light&#8220; text_orientation=&#8220;left&#8220; header_fullscreen=&#8220;off&#8220; header_scroll_down=&#8220;off&#8220; content_orientation=&#8220;center&#8220; image_orientation=&#8220;center&#8220; custom_button_one=&#8220;off&#8220; button_one_icon_placement=&#8220;right&#8220; custom_button_two=&#8220;off&#8220; button_two_icon_placement=&#8220;right&#8220; disabled=&#8220;off&#8220; _builder_version=&#8220;3.0.83&#8243; max_width_tablet=&#8220;50px&#8220; \/][\/et_pb_section][et_pb_section bb_built=&#8220;1&#8243; transparent_background=&#8220;off&#8220; background_color=&#8220;rgba(221,221,221,0.96)&#8220; allow_player_pause=&#8220;off&#8220; inner_shadow=&#8220;off&#8220; parallax=&#8220;off&#8220; parallax_method=&#8220;off&#8220; padding_mobile=&#8220;off&#8220; make_fullwidth=&#8220;off&#8220; use_custom_width=&#8220;off&#8220; width_unit=&#8220;on&#8220; custom_width_px=&#8220;1080px&#8220; custom_width_percent=&#8220;80%&#8220; make_equal=&#8220;off&#8220; use_custom_gutter=&#8220;off&#8220; fullwidth=&#8220;off&#8220; specialty=&#8220;off&#8220; disabled=&#8220;off&#8220; custom_padding_tablet=&#8220;50px|0|50px|0&#8243; custom_padding_last_edited=&#8220;on|desktop&#8220; prev_background_color=&#8220;rgba(221,221,221,0)&#8220; next_background_color=&#8220;#ffffff&#8220;][et_pb_row make_fullwidth=&#8220;off&#8220; use_custom_width=&#8220;off&#8220; width_unit=&#8220;on&#8220; custom_width_px=&#8220;1080px&#8220; custom_width_percent=&#8220;80%&#8220; use_custom_gutter=&#8220;off&#8220; gutter_width=&#8220;3&#8243; padding_mobile=&#8220;off&#8220; background_color=&#8220;rgba(0,0,0,0)&#8220; allow_player_pause=&#8220;off&#8220; parallax=&#8220;off&#8220; parallax_method=&#8220;off&#8220; make_equal=&#8220;off&#8220; column_padding_mobile=&#8220;on&#8220; parallax_1=&#8220;off&#8220; parallax_method_1=&#8220;off&#8220; parallax_2=&#8220;off&#8220; parallax_method_2=&#8220;off&#8220; parallax_3=&#8220;off&#8220; parallax_method_3=&#8220;off&#8220; parallax_4=&#8220;off&#8220; parallax_method_4=&#8220;on&#8220; disabled=&#8220;off&#8220; background_position=&#8220;top_left&#8220; background_repeat=&#8220;repeat&#8220; background_size=&#8220;initial&#8220;][et_pb_column type=&#8220;1_3&#8243;][et_pb_blurb title=&#8220;me&amp;action&#8220; url=&#8220;#oben&#8220; url_new_window=&#8220;off&#8220; use_icon=&#8220;on&#8220; font_icon=&#8220;%%49%%&#8220; icon_color=&#8220;#ea627d&#8220; use_circle=&#8220;off&#8220; use_circle_border=&#8220;off&#8220; icon_placement=&#8220;left&#8220; background_layout=&#8220;light&#8220; use_icon_font_size=&#8220;on&#8220; icon_font_size=&#8220;25px&#8220; header_text_color=&#8220;#4f4f4f&#8220; body_text_color=&#8220;#4f4f4f&#8220; disabled=&#8220;off&#8220; background_position=&#8220;top_left&#8220; background_repeat=&#8220;repeat&#8220; background_size=&#8220;initial&#8220; _builder_version=&#8220;3.0.106&#8243; image_max_width_tablet=&#8220;50px&#8220; max_width_tablet=&#8220;50px&#8220;]<\/p>\n<p><span style=\"color: #ea627d;\">Auswahl meiner Projekte &#8230;<\/span><\/p>\n<p>[\/et_pb_blurb][\/et_pb_column][et_pb_column type=&#8220;1_3&#8243;][\/et_pb_column][et_pb_column type=&#8220;1_3&#8243;][\/et_pb_column][\/et_pb_row][\/et_pb_section][et_pb_section bb_built=&#8220;1&#8243; fullwidth=&#8220;on&#8220; specialty=&#8220;off&#8220; prev_background_color=&#8220;rgba(221,221,221,0.96)&#8220; next_background_color=&#8220;rgba(221,221,221,0.96)&#8220;][et_pb_fullwidth_portfolio _builder_version=&#8220;3.0.106&#8243; include_categories=&#8220;30,28,33,29,39&#8243; show_title=&#8220;on&#8220; show_date=&#8220;on&#8220; fullwidth=&#8220;on&#8220; zoom_icon_color=&#8220;#828282&#8243; hover_overlay_color=&#8220;rgba(234,98,125,0.58)&#8220; background_layout=&#8220;light&#8220; portfolio_header_font_size_tablet=&#8220;51&#8243; portfolio_header_line_height_tablet=&#8220;2&#8243; title=&#8220;Auswahl meiner Projekte&#8220; \/][\/et_pb_section][et_pb_section bb_built=&#8220;1&#8243; admin_label=&#8220;section&#8220; transparent_background=&#8220;off&#8220; background_color=&#8220;rgba(221,221,221,0.96)&#8220; allow_player_pause=&#8220;off&#8220; inner_shadow=&#8220;off&#8220; parallax=&#8220;off&#8220; parallax_method=&#8220;off&#8220; padding_mobile=&#8220;off&#8220; make_fullwidth=&#8220;off&#8220; use_custom_width=&#8220;off&#8220; width_unit=&#8220;on&#8220; custom_width_px=&#8220;1080px&#8220; custom_width_percent=&#8220;80%&#8220; make_equal=&#8220;off&#8220; use_custom_gutter=&#8220;off&#8220; fullwidth=&#8220;off&#8220; specialty=&#8220;off&#8220; module_id=&#8220;me&amp;performance&#8220; disabled=&#8220;off&#8220; custom_padding_tablet=&#8220;50px|0|50px|0&#8243; custom_padding_last_edited=&#8220;on|desktop&#8220; prev_background_color=&#8220;#ffffff&#8220; next_background_color=&#8220;rgba(221,221,221,0)&#8220;][et_pb_row make_fullwidth=&#8220;off&#8220; use_custom_width=&#8220;off&#8220; width_unit=&#8220;on&#8220; custom_width_px=&#8220;1080px&#8220; custom_width_percent=&#8220;80%&#8220; use_custom_gutter=&#8220;off&#8220; gutter_width=&#8220;3&#8243; padding_mobile=&#8220;off&#8220; background_color=&#8220;rgba(221,221,221,0)&#8220; allow_player_pause=&#8220;off&#8220; parallax=&#8220;off&#8220; parallax_method=&#8220;off&#8220; make_equal=&#8220;off&#8220; column_padding_mobile=&#8220;off&#8220; parallax_1=&#8220;off&#8220; parallax_method_1=&#8220;off&#8220; parallax_2=&#8220;off&#8220; parallax_method_2=&#8220;off&#8220; parallax_3=&#8220;off&#8220; parallax_method_3=&#8220;off&#8220; parallax_4=&#8220;off&#8220; parallax_method_4=&#8220;on&#8220; module_id_1=&#8220;me&amp;performance&#8220; module_id_2=&#8220;me&amp;performance&#8220; module_id_3=&#8220;me&amp;performance&#8220; module_id=&#8220;me&amp;prformance&#8220; disabled=&#8220;off&#8220; background_position=&#8220;top_left&#8220; background_repeat=&#8220;repeat&#8220; background_size=&#8220;initial&#8220; _builder_version=&#8220;3.0.83&#8243;][et_pb_column type=&#8220;1_3&#8243;][et_pb_blurb admin_label=&#8220;me&amp;projektmanagement_Aufz\u00e4hlung&#8220; title=&#8220;me&amp;projektmanagement&#8220; url=&#8220;#oben&#8220; url_new_window=&#8220;off&#8220; use_icon=&#8220;on&#8220; font_icon=&#8220;%%49%%&#8220; icon_color=&#8220;#ea627d&#8220; use_circle=&#8220;off&#8220; circle_color=&#8220;#828282&#8243; use_circle_border=&#8220;off&#8220; circle_border_color=&#8220;#828282&#8243; icon_placement=&#8220;left&#8220; animation=&#8220;left&#8220; background_layout=&#8220;light&#8220; text_orientation=&#8220;left&#8220; use_icon_font_size=&#8220;on&#8220; icon_font_size=&#8220;25px&#8220; header_font_size=&#8220;16&#8243; header_text_color=&#8220;#4f4f4f&#8220; body_text_color=&#8220;#4f4f4f&#8220; use_border_color=&#8220;off&#8220; border_color=&#8220;#ffffff&#8220; border_width=&#8220;1px&#8220; border_style=&#8220;solid&#8220; disabled=&#8220;off&#8220; saved_tabs=&#8220;all&#8220; background_position=&#8220;top_left&#8220; background_repeat=&#8220;repeat&#8220; background_size=&#8220;initial&#8220;]<\/p>\n<ul>\n<li>Konzeptanalyse<\/li>\n<li>Strukturierung von Projekten<\/li>\n<li>Budgetierung &amp; Controlling<\/li>\n<li>Gewerkesteuerung<\/li>\n<li>Durchf\u00fchrung vor Ort<\/li>\n<\/ul>\n<p>[\/et_pb_blurb][\/et_pb_column][et_pb_column type=&#8220;1_3&#8243;][et_pb_blurb admin_label=&#8220;me&amp;szenografie_Aufz\u00e4hlung&#8220; title=&#8220;me&amp;szenografie&#8220; url=&#8220;#oben&#8220; url_new_window=&#8220;off&#8220; use_icon=&#8220;on&#8220; font_icon=&#8220;%%49%%&#8220; icon_color=&#8220;#ea627d&#8220; use_circle=&#8220;off&#8220; use_circle_border=&#8220;off&#8220; icon_placement=&#8220;left&#8220; animation=&#8220;left&#8220; background_layout=&#8220;light&#8220; use_icon_font_size=&#8220;on&#8220; icon_font_size=&#8220;25px&#8220; header_text_color=&#8220;#4f4f4f&#8220; body_text_color=&#8220;#4f4f4f&#8220; background_color=&#8220;rgba(221,221,221,0)&#8220; disabled=&#8220;off&#8220; saved_tabs=&#8220;all&#8220; background_position=&#8220;top_left&#8220; background_repeat=&#8220;repeat&#8220; background_size=&#8220;initial&#8220; _builder_version=&#8220;3.0.83&#8243; max_width_tablet=&#8220;50px&#8220;]<\/p>\n<ul>\n<li><span style=\"color: #4f4f4f;\">Ideenentwicklung von Inszenierungen<\/span><\/li>\n<li><span style=\"color: #4f4f4f;\">Storytelling<\/span><\/li>\n<li><span style=\"color: #4f4f4f;\">Zusammenf\u00fchrung dramaturgischer Handlungsstr\u00e4nge<\/span><\/li>\n<li><span style=\"color: #4f4f4f;\">Erstellung von Show- &amp; Entertainment-Konzepten<\/span><\/li>\n<li><span style=\"color: #4f4f4f;\">Briefings zur Content Entwicklung<\/span><\/li>\n<li><span style=\"color: #4f4f4f;\">Erarbeitung von Regiepl\u00e4nen<\/span><\/li>\n<li><span style=\"color: #4f4f4f;\">Ablaufregie<\/span><\/li>\n<li><span style=\"color: #4f4f4f;\">On- &amp; Off-Stagemanagement<\/span><\/li>\n<li><span style=\"color: #4f4f4f;\">Zugriff auf gro\u00dfes Netzwerk f\u00fcr Ressourcenplanung<\/span><\/li>\n<\/ul>\n<p>[\/et_pb_blurb][\/et_pb_column][et_pb_column type=&#8220;1_3&#8243;][et_pb_blurb admin_label=&#8220;me&amp;beratung_Aufz\u00e4hlung&#8220; title=&#8220;me&amp;beratung&#8220; url=&#8220;#oben&#8220; url_new_window=&#8220;off&#8220; use_icon=&#8220;on&#8220; font_icon=&#8220;%%49%%&#8220; icon_color=&#8220;#ea627d&#8220; use_circle=&#8220;off&#8220; circle_color=&#8220;#828282&#8243; use_circle_border=&#8220;off&#8220; circle_border_color=&#8220;#828282&#8243; icon_placement=&#8220;left&#8220; animation=&#8220;left&#8220; background_layout=&#8220;light&#8220; text_orientation=&#8220;left&#8220; use_icon_font_size=&#8220;on&#8220; icon_font_size=&#8220;25px&#8220; header_font_size=&#8220;16&#8243; header_text_color=&#8220;#4f4f4f&#8220; body_text_color=&#8220;#4f4f4f&#8220; use_border_color=&#8220;off&#8220; border_color=&#8220;#ffffff&#8220; border_width=&#8220;1px&#8220; border_style=&#8220;solid&#8220; disabled=&#8220;off&#8220; saved_tabs=&#8220;all&#8220; background_position=&#8220;top_left&#8220; background_repeat=&#8220;repeat&#8220; background_size=&#8220;initial&#8220;]<\/p>\n<ul>\n<li><span style=\"color: #4f4f4f;\">Analyse bestehender Konzepte<\/span><\/li>\n<li><span style=\"color: #4f4f4f;\">Pr\u00fcfung auf Umsetzbarkeit<\/span><\/li>\n<li><span style=\"color: #4f4f4f;\">Budgeteinhaltung<\/span><\/li>\n<li><span style=\"color: #4f4f4f;\">Erstellung ganzheitlicher Inszenierungs-Konzepte<\/span><\/li>\n<li><span style=\"color: #4f4f4f;\">Inhaltliche und dramaturgische \u00dcberarbeitung von Konzepten &amp; Abl\u00e4ufen<\/span><\/li>\n<\/ul>\n<p>[\/et_pb_blurb][\/et_pb_column][\/et_pb_row][\/et_pb_section][et_pb_section bb_built=&#8220;1&#8243; transparent_background=&#8220;off&#8220; background_color=&#8220;rgba(221,221,221,0)&#8220; allow_player_pause=&#8220;off&#8220; inner_shadow=&#8220;off&#8220; parallax=&#8220;off&#8220; parallax_method=&#8220;off&#8220; padding_mobile=&#8220;off&#8220; make_fullwidth=&#8220;off&#8220; use_custom_width=&#8220;off&#8220; width_unit=&#8220;on&#8220; custom_width_px=&#8220;1080px&#8220; custom_width_percent=&#8220;80%&#8220; make_equal=&#8220;off&#8220; use_custom_gutter=&#8220;off&#8220; fullwidth=&#8220;on&#8220; specialty=&#8220;off&#8220; disabled=&#8220;off&#8220; custom_padding_tablet=&#8220;50px|0|50px|0&#8243; custom_padding_last_edited=&#8220;on|desktop&#8220; prev_background_color=&#8220;rgba(221,221,221,0.96)&#8220; next_background_color=&#8220;rgba(221,221,221,0.96)&#8220;][et_pb_fullwidth_header background_layout=&#8220;light&#8220; text_orientation=&#8220;left&#8220; header_fullscreen=&#8220;off&#8220; header_scroll_down=&#8220;off&#8220; scroll_down_icon=&#8220;;&#8220; parallax=&#8220;off&#8220; parallax_method=&#8220;off&#8220; content_orientation=&#8220;center&#8220; image_orientation=&#8220;center&#8220; title_font_size=&#8220;30px&#8220; content_font_size=&#8220;14px&#8220; custom_button_one=&#8220;off&#8220; button_one_text_size=&#8220;14&#8243; button_one_letter_spacing=&#8220;0&#8243; button_one_use_icon=&#8220;default&#8220; button_one_icon_placement=&#8220;right&#8220; button_one_on_hover=&#8220;on&#8220; button_one_letter_spacing_hover=&#8220;0&#8243; custom_button_two=&#8220;off&#8220; button_two_text_size=&#8220;14&#8243; button_two_letter_spacing=&#8220;0&#8243; button_two_use_icon=&#8220;default&#8220; button_two_icon_placement=&#8220;right&#8220; button_two_on_hover=&#8220;on&#8220; button_two_letter_spacing_hover=&#8220;0&#8243; disabled=&#8220;off&#8220; \/][\/et_pb_section][et_pb_section bb_built=&#8220;1&#8243; transparent_background=&#8220;off&#8220; background_color=&#8220;rgba(221,221,221,0.96)&#8220; allow_player_pause=&#8220;off&#8220; inner_shadow=&#8220;off&#8220; parallax=&#8220;off&#8220; parallax_method=&#8220;off&#8220; padding_mobile=&#8220;off&#8220; make_fullwidth=&#8220;off&#8220; use_custom_width=&#8220;off&#8220; width_unit=&#8220;on&#8220; custom_width_px=&#8220;1080px&#8220; custom_width_percent=&#8220;80%&#8220; make_equal=&#8220;off&#8220; use_custom_gutter=&#8220;off&#8220; fullwidth=&#8220;off&#8220; specialty=&#8220;off&#8220; disabled=&#8220;off&#8220; custom_padding_tablet=&#8220;50px|0|50px|0&#8243; custom_padding_last_edited=&#8220;on|desktop&#8220; prev_background_color=&#8220;rgba(221,221,221,0)&#8220; next_background_color=&#8220;rgba(221,221,221,0)&#8220;][et_pb_row make_fullwidth=&#8220;off&#8220; use_custom_width=&#8220;off&#8220; width_unit=&#8220;off&#8220; custom_width_px=&#8220;1080px&#8220; custom_width_percent=&#8220;80%&#8220; use_custom_gutter=&#8220;off&#8220; gutter_width=&#8220;3&#8243; padding_mobile=&#8220;off&#8220; allow_player_pause=&#8220;off&#8220; parallax=&#8220;off&#8220; parallax_method=&#8220;on&#8220; make_equal=&#8220;off&#8220; column_padding_mobile=&#8220;on&#8220; parallax_1=&#8220;off&#8220; parallax_method_1=&#8220;on&#8220; parallax_2=&#8220;off&#8220; parallax_method_2=&#8220;on&#8220; parallax_3=&#8220;off&#8220; parallax_method_3=&#8220;on&#8220; parallax_4=&#8220;off&#8220; parallax_method_4=&#8220;on&#8220; disabled=&#8220;off&#8220; background_position=&#8220;top_left&#8220; background_repeat=&#8220;repeat&#8220; background_size=&#8220;initial&#8220;][et_pb_column type=&#8220;1_3&#8243;][et_pb_blurb admin_label=&#8220;Welcher Mehrwert_Informationstext&#8220; title=&#8220;Welcher Mehrwert&#8220; url=&#8220;#oben&#8220; url_new_window=&#8220;off&#8220; use_icon=&#8220;off&#8220; icon_color=&#8220;#828282&#8243; use_circle=&#8220;off&#8220; circle_color=&#8220;#828282&#8243; use_circle_border=&#8220;off&#8220; circle_border_color=&#8220;#828282&#8243; icon_placement=&#8220;top&#8220; animation=&#8220;top&#8220; background_layout=&#8220;light&#8220; text_orientation=&#8220;left&#8220; use_icon_font_size=&#8220;off&#8220; icon_font_size=&#8220;96px&#8220; module_id=&#8220;sektion2&#8243; header_font_size=&#8220;18&#8243; header_text_color=&#8220;#ea627d&#8220; body_text_color=&#8220;#4f4f4f&#8220; background_color=&#8220;rgba(89,89,89,0)&#8220; use_border_color=&#8220;off&#8220; border_color=&#8220;#ffffff&#8220; border_width=&#8220;1px&#8220; border_style=&#8220;solid&#8220; disabled=&#8220;off&#8220; background_position=&#8220;top_left&#8220; background_repeat=&#8220;repeat&#8220; background_size=&#8220;initial&#8220;]<\/p>\n<p><span style=\"color: #4f4f4f;\">Strukturiertes Projektmanagement trifft auf Kreativit\u00e4t.\u00a0Langj\u00e4hrige Agenturerfahrung in Full-Service Agenturen und Show-Produktionen ebenso wie Kommunikationsf\u00e4higkeit und -geschick, erm\u00f6glichen mir einen durchdachten und souver\u00e4nen Umgang mit dem Team, dem Kunden und den Gewerken.<\/span><\/p>\n<p>[\/et_pb_blurb][\/et_pb_column][et_pb_column type=&#8220;1_3&#8243;][et_pb_blurb admin_label=&#8220;Welcher Mehrwert_Informationstext&#8220; title=&#8220;Was zeichnet mich aus&#8220; url=&#8220;#oben&#8220; url_new_window=&#8220;off&#8220; use_icon=&#8220;off&#8220; icon_color=&#8220;#828282&#8243; use_circle=&#8220;off&#8220; circle_color=&#8220;#828282&#8243; use_circle_border=&#8220;off&#8220; circle_border_color=&#8220;#828282&#8243; icon_placement=&#8220;top&#8220; animation=&#8220;top&#8220; background_layout=&#8220;light&#8220; text_orientation=&#8220;left&#8220; use_icon_font_size=&#8220;off&#8220; icon_font_size=&#8220;96px&#8220; module_id=&#8220;sektion2&#8243; header_font_size=&#8220;18&#8243; header_text_color=&#8220;#ea627d&#8220; body_text_color=&#8220;#4f4f4f&#8220; use_border_color=&#8220;off&#8220; border_color=&#8220;#ffffff&#8220; border_width=&#8220;1px&#8220; border_style=&#8220;solid&#8220; disabled=&#8220;off&#8220; background_position=&#8220;top_left&#8220; background_repeat=&#8220;repeat&#8220; background_size=&#8220;initial&#8220;]<\/p>\n<p><span style=\"color: #4f4f4f;\">Teamplayerin, die eigenverantwortlich die Handlungsstr\u00e4nge eines Projekts analysiert, mit viel Kommunikationsgeschick das Team und die einzelnen Gewerke verzahnt und dabei das Ziel einer gelungenen Veranstaltung nicht aus den Augen verliert.<\/span><\/p>\n<p>[\/et_pb_blurb][\/et_pb_column][et_pb_column type=&#8220;1_3&#8243;][et_pb_blurb admin_label=&#8220;Welcher Mehrwert_Informationstext&#8220; title=&#8220;Spezialistin f\u00fcr&#8220; url=&#8220;#oben&#8220; url_new_window=&#8220;off&#8220; use_icon=&#8220;off&#8220; icon_color=&#8220;#828282&#8243; use_circle=&#8220;off&#8220; circle_color=&#8220;#828282&#8243; use_circle_border=&#8220;off&#8220; circle_border_color=&#8220;#828282&#8243; icon_placement=&#8220;top&#8220; animation=&#8220;top&#8220; background_layout=&#8220;light&#8220; text_orientation=&#8220;left&#8220; use_icon_font_size=&#8220;off&#8220; icon_font_size=&#8220;96px&#8220; module_id=&#8220;sektion2&#8243; header_font_size=&#8220;18&#8243; header_text_color=&#8220;#ea627d&#8220; body_text_color=&#8220;#4f4f4f&#8220; use_border_color=&#8220;off&#8220; border_color=&#8220;#ffffff&#8220; border_width=&#8220;1px&#8220; border_style=&#8220;solid&#8220; disabled=&#8220;off&#8220; background_position=&#8220;top_left&#8220; background_repeat=&#8220;repeat&#8220; background_size=&#8220;initial&#8220;]<\/p>\n<p><span style=\"color: #4f4f4f;\">Indem ich Ideen &amp; Trends auslote und mit den individuellen F\u00e4higkeiten aller Mitwirkenden einer Produktion zusammenf\u00fchre, lasse ich aus einer Vielzahl von Elementen ein harmonisches Ganzes entstehen.<\/span><\/p>\n<p>[\/et_pb_blurb][\/et_pb_column][\/et_pb_row][\/et_pb_section][et_pb_section bb_built=&#8220;1&#8243; transparent_background=&#8220;off&#8220; background_color=&#8220;rgba(221,221,221,0)&#8220; allow_player_pause=&#8220;off&#8220; inner_shadow=&#8220;off&#8220; parallax=&#8220;off&#8220; parallax_method=&#8220;off&#8220; padding_mobile=&#8220;off&#8220; make_fullwidth=&#8220;off&#8220; use_custom_width=&#8220;off&#8220; width_unit=&#8220;on&#8220; custom_width_px=&#8220;1080px&#8220; custom_width_percent=&#8220;80%&#8220; make_equal=&#8220;off&#8220; use_custom_gutter=&#8220;off&#8220; fullwidth=&#8220;on&#8220; specialty=&#8220;off&#8220; disabled=&#8220;off&#8220; custom_padding_tablet=&#8220;50px|0|50px|0&#8243; custom_padding_last_edited=&#8220;on|desktop&#8220; prev_background_color=&#8220;rgba(221,221,221,0.96)&#8220;][et_pb_fullwidth_header background_layout=&#8220;light&#8220; text_orientation=&#8220;left&#8220; header_fullscreen=&#8220;off&#8220; header_scroll_down=&#8220;off&#8220; scroll_down_icon=&#8220;;&#8220; parallax=&#8220;off&#8220; parallax_method=&#8220;off&#8220; content_orientation=&#8220;center&#8220; image_orientation=&#8220;center&#8220; title_font_size=&#8220;30px&#8220; content_font_size=&#8220;14px&#8220; custom_button_one=&#8220;off&#8220; button_one_text_size=&#8220;14&#8243; button_one_letter_spacing=&#8220;0&#8243; button_one_use_icon=&#8220;default&#8220; button_one_icon_placement=&#8220;right&#8220; button_one_on_hover=&#8220;on&#8220; button_one_letter_spacing_hover=&#8220;0&#8243; custom_button_two=&#8220;off&#8220; button_two_text_size=&#8220;14&#8243; button_two_letter_spacing=&#8220;0&#8243; button_two_use_icon=&#8220;default&#8220; button_two_icon_placement=&#8220;right&#8220; button_two_on_hover=&#8220;on&#8220; button_two_letter_spacing_hover=&#8220;0&#8243; disabled=&#8220;off&#8220; \/][\/et_pb_section]<\/p>\n","protected":false},"excerpt":{"rendered":"<p>Auswahl meiner Projekte &#8230; Konzeptanalyse Strukturierung von Projekten Budgetierung &amp; Controlling Gewerkesteuerung Durchf\u00fchrung vor Ort Ideenentwicklung von Inszenierungen Storytelling Zusammenf\u00fchrung dramaturgischer Handlungsstr\u00e4nge Erstellung von Show- &amp; Entertainment-Konzepten Briefings zur Content Entwicklung Erarbeitung von Regiepl\u00e4nen Ablaufregie On- &amp; Off-Stagemanagement Zugriff auf gro\u00dfes Netzwerk f\u00fcr Ressourcenplanung Analyse bestehender Konzepte Pr\u00fcfung auf Umsetzbarkeit Budgeteinhaltung Erstellung ganzheitlicher Inszenierungs-Konzepte Inhaltliche [&hellip;]<\/p>\n","protected":false},"author":1,"featured_media":0,"parent":0,"menu_order":0,"comment_status":"closed","ping_status":"closed","template":"","meta":{"_et_pb_use_builder":"on","_et_pb_old_content":"","_et_gb_content_width":"","jetpack_post_was_ever_published":false,"footnotes":""},"class_list":["post-645","page","type-page","status-publish","hentry"],"jetpack_sharing_enabled":true,"jetpack_shortlink":"https:\/\/wp.me\/P83ZLn-ap","_links":{"self":[{"href":"https:\/\/meandevents.com\/index.php?rest_route=\/wp\/v2\/pages\/645","targetHints":{"allow":["GET"]}}],"collection":[{"href":"https:\/\/meandevents.com\/index.php?rest_route=\/wp\/v2\/pages"}],"about":[{"href":"https:\/\/meandevents.com\/index.php?rest_route=\/wp\/v2\/types\/page"}],"author":[{"embeddable":true,"href":"https:\/\/meandevents.com\/index.php?rest_route=\/wp\/v2\/users\/1"}],"replies":[{"embeddable":true,"href":"https:\/\/meandevents.com\/index.php?rest_route=%2Fwp%2Fv2%2Fcomments&post=645"}],"version-history":[{"count":58,"href":"https:\/\/meandevents.com\/index.php?rest_route=\/wp\/v2\/pages\/645\/revisions"}],"predecessor-version":[{"id":1211,"href":"https:\/\/meandevents.com\/index.php?rest_route=\/wp\/v2\/pages\/645\/revisions\/1211"}],"wp:attachment":[{"href":"https:\/\/meandevents.com\/index.php?rest_route=%2Fwp%2Fv2%2Fmedia&parent=645"}],"curies":[{"name":"wp","href":"https:\/\/api.w.org\/{rel}","templated":true}]}}